{"id":7006,"date":"2019-07-29T17:48:06","date_gmt":"2019-07-29T17:48:06","guid":{"rendered":"http:\/\/funny-excursions.com\/a-propos-de-nous\/"},"modified":"2024-04-23T21:17:41","modified_gmt":"2024-04-23T21:17:41","slug":"a-propos-de-nous","status":"publish","type":"page","link":"https:\/\/funny-excursions.com\/fr\/a-propos-de-nous\/","title":{"rendered":"\u00c0 Propos De Nous"},"content":{"rendered":"<p>Notre agence est bas\u00e9e \u00e0 Marrakech, elle est sp\u00e9cialis\u00e9e dans l&rsquo;organisation d&rsquo;excursions priv\u00e9es d&rsquo;une journ\u00e9e vers plusieurs destinations au Maroc, d&rsquo;activit\u00e9s pr\u00e8s de Marrakech, de choses \u00e0 faire \u00e0 la ville Marrakech et de circuits dans le d\u00e9sert au d\u00e9part de Marrakech, elle propose \u00e9galement des transports touristiques haut de gamme et confortables notamment les transferts a\u00e9roport du Maroc. soit des d\u00e9parts, soit des arriv\u00e9es vers la destination de votre choix (h\u00f4tel, riad, tout h\u00e9bergement ou n&rsquo;importe quel point au Maroc).<\/p>\n<blockquote><p>Nos chauffeurs parlent anglais et fran\u00e7ais. Ils ont \u00e9t\u00e9 s\u00e9lectionn\u00e9s pour leur gentillesse, leur s\u00e9rieux et leur ponctualit\u00e9, ceci afin de vous garantir les meilleures conditions de voyage au Maroc et de d\u00e9couvrir ses belles &amp; des paysages magnifiques.<\/p><\/blockquote>\n<p>&#8230;ou quelque chose comme \u00e7a:<\/p>\n<div class=\"wpb_column vc_column_container vc_col-sm-6\">\n<div class=\"vc_column-inner\">\n<div class=\"wpb_wrapper\">\n<div class=\"wpb_text_column wpb_content_element vc_custom_1564145399776\">\n<div class=\"wpb_wrapper\">\n<blockquote><p>Gr\u00e2ce \u00e0 notre exp\u00e9rience, notre \u00e9quipe de professionnels est \u00e0 votre service pour rendre votre s\u00e9jour le plus agr\u00e9able possible. Notre agence vous propose un programme sur mesure qui vous permettra d&rsquo;approcher la nature du Maroc et ses beaux sites.<\/p><\/blockquote>\n<p>Notre objectif est d&rsquo;offrir un service personnalis\u00e9 \u00e0 un prix raisonnable. nous nous assurons de comprendre vos exigences, vos pr\u00e9f\u00e9rences et vos passions, et vous ferons des suggestions pour am\u00e9liorer et enrichir votre itin\u00e9raire. Nous mettons \u00e0 votre disposition notre expertise dans le domaine du transport touristique et des services de tour op\u00e9rateur. La mission principale de notre agence de transport \u00e0 Marrakech est d&rsquo;am\u00e9liorer la qualit\u00e9 du service et d&rsquo;obtenir la satisfaction de nos clients.<\/p>\n<p>N&rsquo;h\u00e9sitez pas \u00e0 <a href=\"https:\/\/funny-excursions.com\/fr\/contact-et-reservation\/\">Contactez-nous<\/a> si vous avez une histoire \u00e0 partager ou une question sans r\u00e9ponse sur notre site Internet, ou si vous souhaitez <a href=\"https:\/\/funny-excursions.com\/fr\/contact-et-reservation\/\">Obtenir un devis gratuit<\/a> pour votre circuit, excursion, activit\u00e9 ou transfert&#8230;<\/p>\n<\/div>\n<\/div>\n<\/div>\n<\/div>\n<\/div>\n","protected":false},"excerpt":{"rendered":"<p>Notre agence est bas\u00e9e \u00e0 Marrakech, elle est sp\u00e9cialis\u00e9e dans l&rsquo;organisation d&rsquo;excursions priv\u00e9es d&rsquo;une journ\u00e9e vers plusieurs destinations au Maroc, d&rsquo;activit\u00e9s pr\u00e8s de Marrakech, de choses \u00e0 faire \u00e0 la ville Marrakech et de circuits dans le d\u00e9sert au d\u00e9part de Marrakech, elle propose \u00e9galement des transports touristiques haut de gamme et confortables notamment les [&hellip;]<\/p>\n","protected":false},"author":1,"featured_media":7793,"parent":0,"menu_order":0,"comment_status":"closed","ping_status":"open","template":"","meta":{"footnotes":""},"class_list":["post-7006","page","type-page","status-publish","has-post-thumbnail","hentry"],"_links":{"self":[{"href":"https:\/\/funny-excursions.com\/fr\/wp-json\/wp\/v2\/pages\/7006","targetHints":{"allow":["GET"]}}],"collection":[{"href":"https:\/\/funny-excursions.com\/fr\/wp-json\/wp\/v2\/pages"}],"about":[{"href":"https:\/\/funny-excursions.com\/fr\/wp-json\/wp\/v2\/types\/page"}],"author":[{"embeddable":true,"href":"https:\/\/funny-excursions.com\/fr\/wp-json\/wp\/v2\/users\/1"}],"replies":[{"embeddable":true,"href":"https:\/\/funny-excursions.com\/fr\/wp-json\/wp\/v2\/comments?post=7006"}],"version-history":[{"count":0,"href":"https:\/\/funny-excursions.com\/fr\/wp-json\/wp\/v2\/pages\/7006\/revisions"}],"wp:featuredmedia":[{"embeddable":true,"href":"https:\/\/funny-excursions.com\/fr\/wp-json\/wp\/v2\/media\/7793"}],"wp:attachment":[{"href":"https:\/\/funny-excursions.com\/fr\/wp-json\/wp\/v2\/media?parent=7006"}],"curies":[{"name":"wp","href":"https:\/\/api.w.org\/{rel}","templated":true}]}}